{"id":472,"date":"2018-07-03T05:58:27","date_gmt":"2018-07-03T05:58:27","guid":{"rendered":"https:\/\/composite-tech.com\/about-us\/"},"modified":"2025-12-04T12:11:42","modified_gmt":"2025-12-04T12:11:42","slug":"about-us","status":"publish","type":"page","link":"https:\/\/composite-tech.com\/pl\/about-us\/","title":{"rendered":"O nas"},"content":{"rendered":"<div data-elementor-type=\"wp-post\" data-elementor-id=\"472\" class=\"elementor elementor-472\">\n\t\t\t\t\t\t<section class=\"elementor-section elementor-top-section elementor-element elementor-element-7245a270 elementor-section-content-middle elementor-section-height-min-height elementor-section-boxed elementor-section-height-default elementor-section-items-middle\" data-id=\"7245a270\" data-element_type=\"section\" data-e-type=\"section\" data-settings=\"{&quot;background_background&quot;:&quot;classic&quot;}\">\n\t\t\t\t\t\t\t<div class=\"elementor-background-overlay\"><\/div>\n\t\t\t\t\t\t\t<div class=\"elementor-container elementor-column-gap-no\">\n\t\t\t\t\t<div class=\"elementor-column elementor-col-100 elementor-top-column elementor-element elementor-element-44a749e1\" data-id=\"44a749e1\" data-element_type=\"column\" data-e-type=\"column\">\n\t\t\t<div class=\"elementor-widget-wrap elementor-element-populated\">\n\t\t\t\t\t\t<div class=\"elementor-element elementor-element-467728e8 elementor-widget elementor-widget-heading\" data-id=\"467728e8\" data-element_type=\"widget\" data-e-type=\"widget\" data-widget_type=\"heading.default\">\n\t\t\t\t<div class=\"elementor-widget-container\">\n\t\t\t\t\t<h1 class=\"elementor-heading-title elementor-size-default\">O nas<\/h1>\t\t\t\t<\/div>\n\t\t\t\t<\/div>\n\t\t\t\t\t<\/div>\n\t\t<\/div>\n\t\t\t\t\t<\/div>\n\t\t<\/section>\n\t\t\t\t<section class=\"elementor-section elementor-top-section elementor-element elementor-element-585e3d19 elementor-section-content-middle elementor-section-full_width elementor-section-height-default elementor-section-height-default\" data-id=\"585e3d19\" data-element_type=\"section\" data-e-type=\"section\" data-settings=\"{&quot;background_background&quot;:&quot;classic&quot;}\">\n\t\t\t\t\t\t<div class=\"elementor-container elementor-column-gap-no\">\n\t\t\t\t\t<div class=\"elementor-column elementor-col-50 elementor-top-column elementor-element elementor-element-6f344de8\" data-id=\"6f344de8\" data-element_type=\"column\" data-e-type=\"column\" data-settings=\"{&quot;background_background&quot;:&quot;classic&quot;}\">\n\t\t\t<div class=\"elementor-widget-wrap elementor-element-populated\">\n\t\t\t\t<div class=\"elementor-element elementor-element-9f6672d e-con-full e-flex e-con e-parent\" data-id=\"9f6672d\" data-element_type=\"container\" data-e-type=\"container\">\n\t\t\t\t<div class=\"elementor-element elementor-element-818bbe8 elementor-widget elementor-widget-text-editor\" data-id=\"818bbe8\" data-element_type=\"widget\" data-e-type=\"widget\" data-widget_type=\"text-editor.default\">\n\t\t\t\t<div class=\"elementor-widget-container\">\n\t\t\t\t\t\t\t\t\t<p><strong>Composite-Tech<\/strong> Firma zajmuje si\u0119 produkcj\u0105 urz\u0105dze\u0144 do obr\u00f3bki pr\u0119t\u00f3w zbrojeniowych GFRP, siatek z w\u0142\u00f3kna szklanego, elastycznych z\u0142\u0105czek i gi\u0119tych element\u00f3w ramowych od 1998 roku.<br \/>W tym czasie nasi in\u017cynierowie zdobyli ogromne do\u015bwiadczenie w projektowaniu i produkcji najbardziej niezawodnych i najwy\u017cszej jako\u015bci urz\u0105dze\u0144 do produkcji pr\u0119t\u00f3w zbrojeniowych FRP, siatek kompozytowych i gi\u0119tych element\u00f3w ramowych.<br \/>Wsp\u00f3\u0142pracujemy \u015bci\u015ble z uniwersytetami specjalizuj\u0105cymi si\u0119 w technologii kompozytowej w wielu krajach na ca\u0142ym \u015bwiecie, takich jak USA, Kanada, Japonia, Rosja, W\u0142ochy i Holandia.<\/p><p>Ci\u0105gle udoskonalamy nasz sprz\u0119t i technologi\u0119.<br \/>Oferujemy Pa\u0144stwu bardzo dochodowy biznes z minimaln\u0105 inwestycj\u0105 i najkr\u00f3tszym okresem zwrotu.<br \/>Wszystkie nasze urz\u0105dzenia do produkcji zbrojenia, siatek i element\u00f3w gi\u0119tych s\u0105 energooszcz\u0119dne, wysokiej jako\u015bci i niezawodne.<br \/>Nasz zesp\u00f3\u0142 in\u017cynier\u00f3w, projektant\u00f3w i programist\u00f3w codziennie pracuje nad udoskonalaniem urz\u0105dze\u0144 do produkcji siatek, wzmocnie\u0144 i element\u00f3w gi\u0119tych z w\u0142\u00f3kna szklanego wzmocnionego w\u0142\u00f3knem szklanym. Projektujemy i produkujemy r\u00f3wnie\u017c urz\u0105dzenia b\u0119d\u0105ce pionierami w bran\u017cy i nowatorskie.<br \/>Potwierdzaj\u0105 to nasze liczne patenty na wynalazki.<br \/>Zamawiaj\u0105c u nas urz\u0105dzenia do produkcji zbrojenia z w\u0142\u00f3kna szklanego lub bazaltowego oraz siatki, otrzymuj\u0105 Pa\u0144stwo:<\/p><ul><li><span style=\"font-size: 16px;\">Prze\u0142omowa technologia w dziedzinie budownictwa,<\/span><\/li><li><span style=\"font-size: 16px;\">Sprz\u0119t profesjonalny nowej generacji, kt\u00f3ry nie ma sobie r\u00f3wnych na ca\u0142ym \u015bwiecie,<\/span><\/li><li><span style=\"font-size: 16px;\">Szkolenie personelu we wszystkich niuansach produkcji produktu wysokiej jako\u015bci,<\/span><\/li><li><span style=\"font-size: 16px;\">Bardzo dochodowy biznes,<\/span><\/li><li><span style=\"font-size: 16px;\">Gwarancja sukcesu Twojej firmy.<\/span><\/li><\/ul><p>Wszystkie nasze urz\u0105dzenia s\u0105 automatyczne i nie wymagaj\u0105 obs\u0142ugi przez wielu operator\u00f3w.<br \/>Dostarczamy nasze maszyny do produkcji pr\u0119t\u00f3w zbrojeniowych z w\u0142\u00f3kna szklanego, siatek i element\u00f3w gi\u0119tych z s\u0142upa na s\u0142up!<\/p>\t\t\t\t\t\t\t\t<\/div>\n\t\t\t\t<\/div>\n\t\t\t\t<\/div>\n\t\t\t\t<div class=\"elementor-element elementor-element-5a2802bb elementor-widget elementor-widget-button\" data-id=\"5a2802bb\" data-element_type=\"widget\" data-e-type=\"widget\" data-widget_type=\"button.default\">\n\t\t\t\t<div class=\"elementor-widget-container\">\n\t\t\t\t\t\t\t\t\t<div class=\"elementor-button-wrapper\">\n\t\t\t\t\t<a class=\"elementor-button elementor-button-link elementor-size-lg\" href=\"\/pl\/contacts\/\">\n\t\t\t\t\t\t<span class=\"elementor-button-content-wrapper\">\n\t\t\t\t\t\t<span class=\"elementor-button-icon\">\n\t\t\t\t<svg aria-hidden=\"true\" class=\"e-font-icon-svg e-fas-long-arrow-alt-right\" viewbox=\"0 0 448 512\" xmlns=\"http:\/\/www.w3.org\/2000\/svg\"><path d=\"M313.941 216H12c-6.627 0-12 5.373-12 12v56c0 6.627 5.373 12 12 12h301.941v46.059c0 21.382 25.851 32.09 40.971 16.971l86.059-86.059c9.373-9.373 9.373-24.569 0-33.941l-86.059-86.059c-15.119-15.119-40.971-4.411-40.971 16.971V216z\"><\/path><\/svg>\t\t\t<\/span>\n\t\t\t\t\t\t\t\t\t<span class=\"elementor-button-text\">Porozmawiaj z nami!<\/span>\n\t\t\t\t\t<\/span>\n\t\t\t\t\t<\/a>\n\t\t\t\t<\/div>\n\t\t\t\t\t\t\t\t<\/div>\n\t\t\t\t<\/div>\n\t\t\t\t\t<\/div>\n\t\t<\/div>\n\t\t\t\t<div class=\"elementor-column elementor-col-50 elementor-top-column elementor-element elementor-element-28249b63\" data-id=\"28249b63\" data-element_type=\"column\" data-e-type=\"column\" data-settings=\"{&quot;background_background&quot;:&quot;classic&quot;}\">\n\t\t\t<div class=\"elementor-widget-wrap elementor-element-populated\">\n\t\t\t\t\t<div class=\"elementor-background-overlay\"><\/div>\n\t\t\t\t<div class=\"elementor-element elementor-element-8dc5542 e-con-full e-flex e-con e-parent\" data-id=\"8dc5542\" data-element_type=\"container\" data-e-type=\"container\" data-settings=\"{&quot;background_background&quot;:&quot;classic&quot;}\">\n\t\t\t\t<div class=\"elementor-element elementor-element-291e12f elementor-widget elementor-widget-video\" data-id=\"291e12f\" data-element_type=\"widget\" data-e-type=\"widget\" data-settings=\"{&quot;youtube_url&quot;:&quot;https:\\\/\\\/youtu.be\\\/0YTGes5Xhxw?si=LmX4x3K1z-3N_9mW&quot;,&quot;video_type&quot;:&quot;youtube&quot;,&quot;controls&quot;:&quot;yes&quot;}\" data-widget_type=\"video.default\">\n\t\t\t\t<div class=\"elementor-widget-container\">\n\t\t\t\t\t\t\t<div class=\"elementor-wrapper elementor-open-inline\">\n\t\t\t<div class=\"elementor-video\"><\/div>\t\t<\/div>\n\t\t\t\t\t\t<\/div>\n\t\t\t\t<\/div>\n\t\t\t\t<\/div>\n\t\t\t\t\t<\/div>\n\t\t<\/div>\n\t\t\t\t\t<\/div>\n\t\t<\/section>\n\t\t<div class=\"elementor-element elementor-element-7bc34470 e-con-full e-flex e-con e-parent\" data-id=\"7bc34470\" data-element_type=\"container\" data-e-type=\"container\" data-settings=\"{&quot;background_background&quot;:&quot;video&quot;,&quot;background_video_link&quot;:&quot;https:\\\/\\\/youtu.be\\\/FhJtfUCkCVY?si=D4YUayio1ts-G0a0&quot;,&quot;background_play_on_mobile&quot;:&quot;yes&quot;,&quot;background_video_start&quot;:20,&quot;background_video_end&quot;:100}\">\n\t\t<div class=\"elementor-background-video-container\">\n\t\t\t\t\t\t\t<div class=\"elementor-background-video-embed\" role=\"presentation\"><\/div>\n\t\t\t\t\t\t<\/div><div class=\"elementor-element elementor-element-39df9c89 e-flex e-con-boxed e-con e-child\" data-id=\"39df9c89\" data-element_type=\"container\" data-e-type=\"container\" data-settings=\"{&quot;background_background&quot;:&quot;classic&quot;}\">\n\t\t\t\t\t<div class=\"e-con-inner\">\n\t\t<div class=\"elementor-element elementor-element-2ba7c193 e-flex e-con-boxed e-con e-child\" data-id=\"2ba7c193\" data-element_type=\"container\" data-e-type=\"container\">\n\t\t\t\t\t<div class=\"e-con-inner\">\n\t\t<div class=\"elementor-element elementor-element-5fda9c8d e-flex e-con-boxed e-con e-child\" data-id=\"5fda9c8d\" data-element_type=\"container\" data-e-type=\"container\" data-settings=\"{&quot;background_background&quot;:&quot;classic&quot;}\">\n\t\t\t\t\t<div class=\"e-con-inner\">\n\t\t\t\t<div class=\"elementor-element elementor-element-dd9bee4 elementor-widget elementor-widget-heading\" data-id=\"dd9bee4\" data-element_type=\"widget\" data-e-type=\"widget\" data-widget_type=\"heading.default\">\n\t\t\t\t<div class=\"elementor-widget-container\">\n\t\t\t\t\t<h2 class=\"elementor-heading-title elementor-size-default\">Produkcja pr\u0119t\u00f3w zbrojeniowych GFRP pod klucz w Polsce!<\/h2>\t\t\t\t<\/div>\n\t\t\t\t<\/div>\n\t\t\t\t<div class=\"elementor-element elementor-element-4a9fc969 elementor-widget elementor-widget-text-editor\" data-id=\"4a9fc969\" data-element_type=\"widget\" data-e-type=\"widget\" data-widget_type=\"text-editor.default\">\n\t\t\t\t<div class=\"elementor-widget-container\">\n\t\t\t\t\t\t\t\t\t<p>Dopasowuj\u0105c cen\u0119 sprzeda\u017cy pr\u0119t\u00f3w zbrojeniowych GFRP do ceny pr\u0119t\u00f3w stalowych, osi\u0105gasz mar\u017c\u0119 zysku przekraczaj\u0105c\u0105 120%!<\/p><p>Zam\u00f3w lini\u0119 produkcyjn\u0105 ju\u017c w 2 miesi\u0105ce od z\u0142o\u017cenia zam\u00f3wienia, a inwestycja zwr\u00f3ci si\u0119 ju\u017c po 3 miesi\u0105cach od uruchomienia produkcji.<\/p>\t\t\t\t\t\t\t\t<\/div>\n\t\t\t\t<\/div>\n\t\t\t\t\t<\/div>\n\t\t\t\t<\/div>\n\t\t<div class=\"elementor-element elementor-element-58481e7b e-flex e-con-boxed e-con e-child\" data-id=\"58481e7b\" data-element_type=\"container\" data-e-type=\"container\">\n\t\t\t\t\t<div class=\"e-con-inner\">\n\t\t<div class=\"elementor-element elementor-element-226c7ab9 e-flex e-con-boxed e-con e-child\" data-id=\"226c7ab9\" data-element_type=\"container\" data-e-type=\"container\">\n\t\t\t\t\t<div class=\"e-con-inner\">\n\t\t\t\t<div class=\"elementor-element elementor-element-3c8c5932 elementor-align-center elementor-mobile-align-center elementor-widget elementor-widget-button\" data-id=\"3c8c5932\" data-element_type=\"widget\" data-e-type=\"widget\" data-widget_type=\"button.default\">\n\t\t\t\t<div class=\"elementor-widget-container\">\n\t\t\t\t\t\t\t\t\t<div class=\"elementor-button-wrapper\">\n\t\t\t\t\t<a class=\"elementor-button elementor-button-link elementor-size-lg\" href=\"\/pl\/contacts\/\">\n\t\t\t\t\t\t<span class=\"elementor-button-content-wrapper\">\n\t\t\t\t\t\t<span class=\"elementor-button-icon\">\n\t\t\t\t<svg aria-hidden=\"true\" class=\"e-font-icon-svg e-fas-long-arrow-alt-right\" viewbox=\"0 0 448 512\" xmlns=\"http:\/\/www.w3.org\/2000\/svg\"><path d=\"M313.941 216H12c-6.627 0-12 5.373-12 12v56c0 6.627 5.373 12 12 12h301.941v46.059c0 21.382 25.851 32.09 40.971 16.971l86.059-86.059c9.373-9.373 9.373-24.569 0-33.941l-86.059-86.059c-15.119-15.119-40.971-4.411-40.971 16.971V216z\"><\/path><\/svg>\t\t\t<\/span>\n\t\t\t\t\t\t\t\t\t<span class=\"elementor-button-text\">Porozmawiaj z nami!<\/span>\n\t\t\t\t\t<\/span>\n\t\t\t\t\t<\/a>\n\t\t\t\t<\/div>\n\t\t\t\t\t\t\t\t<\/div>\n\t\t\t\t<\/div>\n\t\t\t\t\t<\/div>\n\t\t\t\t<\/div>\n\t\t\t\t\t<\/div>\n\t\t\t\t<\/div>\n\t\t\t\t\t<\/div>\n\t\t\t\t<\/div>\n\t\t\t\t\t<\/div>\n\t\t\t\t<\/div>\n\t\t\t\t<\/div>\n\t\t<div class=\"elementor-element elementor-element-8d899ed e-flex e-con-boxed e-con e-parent\" data-id=\"8d899ed\" data-element_type=\"container\" data-e-type=\"container\">\n\t\t\t\t\t<div class=\"e-con-inner\">\n\t\t\t\t<div class=\"elementor-element elementor-element-b37316d elementor-widget elementor-widget-text-editor\" data-id=\"b37316d\" data-element_type=\"widget\" data-e-type=\"widget\" data-widget_type=\"text-editor.default\">\n\t\t\t\t<div class=\"elementor-widget-container\">\n\t\t\t\t\t\t\t\t\t<p><em><b>Dowiedz si\u0119 wi\u0119cej:\u00a0<a href=\"https:\/\/composite-tech.com\/pl\/faq-gfrp-comosite-equipment\/\">Najcz\u0119\u015bciej zadawane pytania dotycz\u0105ce sprz\u0119tu Composite-Tech i technologii GFRP<\/a><\/b><\/em><\/p>\t\t\t\t\t\t\t\t<\/div>\n\t\t\t\t<\/div>\n\t\t\t\t\t<\/div>\n\t\t\t\t<\/div>\n\t\t\t\t<\/div>","protected":false},"excerpt":{"rendered":"<p>About Us Composite-Tech Company is the best manufacturer of equipment for GFRP rebar, fibreglass mesh, flexible couplings, and bent frame elements, with a proven track [&hellip;]<\/p>\n","protected":false},"author":1,"featured_media":0,"parent":0,"menu_order":0,"comment_status":"closed","ping_status":"closed","template":"","meta":{"site-sidebar-layout":"default","site-content-layout":"page-builder","ast-site-content-layout":"full-width-container","site-content-style":"unboxed","site-sidebar-style":"unboxed","ast-global-header-display":"","ast-banner-title-visibility":"","ast-main-header-display":"","ast-hfb-above-header-display":"","ast-hfb-below-header-display":"","ast-hfb-mobile-header-display":"","site-post-title":"disabled","ast-breadcrumbs-content":"","ast-featured-img":"disabled","footer-sml-layout":"","ast-disable-related-posts":"","theme-transparent-header-meta":"enabled","adv-header-id-meta":"","stick-header-meta":"","header-above-stick-meta":"","header-main-stick-meta":"","header-below-stick-meta":"","astra-migrate-meta-layouts":"set","ast-page-background-enabled":"default","ast-page-background-meta":{"desktop":{"background-color":"","background-image":"","background-repeat":"repeat","background-position":"center center","background-size":"auto","background-attachment":"scroll","background-type":"","background-media":"","overlay-type":"","overlay-color":"","overlay-opacity":"","overlay-gradient":""},"tablet":{"background-color":"","background-image":"","background-repeat":"repeat","background-position":"center center","background-size":"auto","background-attachment":"scroll","background-type":"","background-media":"","overlay-type":"","overlay-color":"","overlay-opacity":"","overlay-gradient":""},"mobile":{"background-color":"","background-image":"","background-repeat":"repeat","background-position":"center center","background-size":"auto","background-attachment":"scroll","background-type":"","background-media":"","overlay-type":"","overlay-color":"","overlay-opacity":"","overlay-gradient":""}},"ast-content-background-meta":{"desktop":{"background-color":"var(--ast-global-color-5)","background-image":"","background-repeat":"repeat","background-position":"center center","background-size":"auto","background-attachment":"scroll","background-type":"","background-media":"","overlay-type":"","overlay-color":"","overlay-opacity":"","overlay-gradient":""},"tablet":{"background-color":"var(--ast-global-color-5)","background-image":"","background-repeat":"repeat","background-position":"center center","background-size":"auto","background-attachment":"scroll","background-type":"","background-media":"","overlay-type":"","overlay-color":"","overlay-opacity":"","overlay-gradient":""},"mobile":{"background-color":"var(--ast-global-color-5)","background-image":"","background-repeat":"repeat","background-position":"center center","background-size":"auto","background-attachment":"scroll","background-type":"","background-media":"","overlay-type":"","overlay-color":"","overlay-opacity":"","overlay-gradient":""}},"footnotes":""},"class_list":["post-472","page","type-page","status-publish","hentry"],"_links":{"self":[{"href":"https:\/\/composite-tech.com\/pl\/wp-json\/wp\/v2\/pages\/472","targetHints":{"allow":["GET"]}}],"collection":[{"href":"https:\/\/composite-tech.com\/pl\/wp-json\/wp\/v2\/pages"}],"about":[{"href":"https:\/\/composite-tech.com\/pl\/wp-json\/wp\/v2\/types\/page"}],"author":[{"embeddable":true,"href":"https:\/\/composite-tech.com\/pl\/wp-json\/wp\/v2\/users\/1"}],"replies":[{"embeddable":true,"href":"https:\/\/composite-tech.com\/pl\/wp-json\/wp\/v2\/comments?post=472"}],"version-history":[{"count":9,"href":"https:\/\/composite-tech.com\/pl\/wp-json\/wp\/v2\/pages\/472\/revisions"}],"predecessor-version":[{"id":12434,"href":"https:\/\/composite-tech.com\/pl\/wp-json\/wp\/v2\/pages\/472\/revisions\/12434"}],"wp:attachment":[{"href":"https:\/\/composite-tech.com\/pl\/wp-json\/wp\/v2\/media?parent=472"}],"curies":[{"name":"wp","href":"https:\/\/api.w.org\/{rel}","templated":true}]}}