{"id":472,"date":"2018-07-03T05:58:27","date_gmt":"2018-07-03T05:58:27","guid":{"rendered":"https:\/\/composite-tech.com\/about-us\/"},"modified":"2025-12-04T12:11:42","modified_gmt":"2025-12-04T12:11:42","slug":"about-us","status":"publish","type":"page","link":"https:\/\/composite-tech.com\/fr\/about-us\/","title":{"rendered":"\u00c0 propos de nous"},"content":{"rendered":"<div data-elementor-type=\"wp-post\" data-elementor-id=\"472\" class=\"elementor elementor-472\">\n\t\t\t\t\t\t<section class=\"elementor-section elementor-top-section elementor-element elementor-element-7245a270 elementor-section-content-middle elementor-section-height-min-height elementor-section-boxed elementor-section-height-default elementor-section-items-middle\" data-id=\"7245a270\" data-element_type=\"section\" data-settings=\"{&quot;background_background&quot;:&quot;classic&quot;}\">\n\t\t\t\t\t\t\t<div class=\"elementor-background-overlay\"><\/div>\n\t\t\t\t\t\t\t<div class=\"elementor-container elementor-column-gap-no\">\n\t\t\t\t\t<div class=\"elementor-column elementor-col-100 elementor-top-column elementor-element elementor-element-44a749e1\" data-id=\"44a749e1\" data-element_type=\"column\">\n\t\t\t<div class=\"elementor-widget-wrap elementor-element-populated\">\n\t\t\t\t\t\t<div class=\"elementor-element elementor-element-467728e8 elementor-widget elementor-widget-heading\" data-id=\"467728e8\" data-element_type=\"widget\" data-widget_type=\"heading.default\">\n\t\t\t\t<div class=\"elementor-widget-container\">\n\t\t\t\t\t<h1 class=\"elementor-heading-title elementor-size-default\">\u00c0 propos de nous<\/h1>\t\t\t\t<\/div>\n\t\t\t\t<\/div>\n\t\t\t\t\t<\/div>\n\t\t<\/div>\n\t\t\t\t\t<\/div>\n\t\t<\/section>\n\t\t\t\t<section class=\"elementor-section elementor-top-section elementor-element elementor-element-585e3d19 elementor-section-content-middle elementor-section-full_width elementor-section-height-default elementor-section-height-default\" data-id=\"585e3d19\" data-element_type=\"section\" data-settings=\"{&quot;background_background&quot;:&quot;classic&quot;}\">\n\t\t\t\t\t\t<div class=\"elementor-container elementor-column-gap-no\">\n\t\t\t\t\t<div class=\"elementor-column elementor-col-50 elementor-top-column elementor-element elementor-element-6f344de8\" data-id=\"6f344de8\" data-element_type=\"column\" data-settings=\"{&quot;background_background&quot;:&quot;classic&quot;}\">\n\t\t\t<div class=\"elementor-widget-wrap elementor-element-populated\">\n\t\t\t\t<div class=\"elementor-element elementor-element-9f6672d e-con-full e-flex e-con e-parent\" data-id=\"9f6672d\" data-element_type=\"container\">\n\t\t\t\t<div class=\"elementor-element elementor-element-818bbe8 elementor-widget elementor-widget-text-editor\" data-id=\"818bbe8\" data-element_type=\"widget\" data-widget_type=\"text-editor.default\">\n\t\t\t\t<div class=\"elementor-widget-container\">\n\t\t\t\t\t\t\t\t\t<p><strong>Composite-Tech<\/strong> est le meilleur fabricant d\u2019\u00e9quipements pour armatures GFRP, treillis en fibre de verre, raccords flexibles et \u00e9l\u00e9ments de cadre cintr\u00e9s depuis 1998.<br \/>Au cours de cette p\u00e9riode, nos ing\u00e9nieurs ont accumul\u00e9 une vaste exp\u00e9rience dans la conception et la fabrication des \u00e9quipements les plus fiables et de la plus haute qualit\u00e9 pour la production de barres d&#039;armature en PRF, de treillis composites et d&#039;\u00e9l\u00e9ments de cadre courb\u00e9s.<br \/>Nous collaborons \u00e9troitement avec des universit\u00e9s sp\u00e9cialis\u00e9es dans la technologie des composites dans de nombreux pays \u00e0 travers le monde, tels que les \u00c9tats-Unis, le Canada, le Japon, la Russie, l&#039;Italie et les Pays-Bas.<\/p><p>Nous am\u00e9liorons constamment nos \u00e9quipements et notre technologie.<br \/>Nous vous proposons une entreprise tr\u00e8s rentable avec un investissement minimum et la p\u00e9riode de retour sur investissement la plus courte.<br \/>Tous nos \u00e9quipements pour la production d&#039;armatures, de treillis et d&#039;\u00e9l\u00e9ments courb\u00e9s sont \u00e9conomes en \u00e9nergie, de haute qualit\u00e9 et fiables.<br \/>Notre \u00e9quipe d&#039;ing\u00e9nieurs, de concepteurs et de d\u00e9veloppeurs travaille chaque jour \u00e0 l&#039;am\u00e9lioration des \u00e9quipements de production de treillis, d&#039;armatures et d&#039;\u00e9l\u00e9ments cintr\u00e9s en PRFV. Nous concevons et fabriquons \u00e9galement des \u00e9quipements innovants et innovants.<br \/>Ceci est confirm\u00e9 par nos nombreux brevets d\u2019invention.<br \/>En commandant chez nous des \u00e9quipements de production de treillis et de renforts en fibre de verre ou en fibre de basalte, vous obtenez :<\/p><ul><li><span style=\"font-size: 16px;\">Technologie de pointe dans le domaine de la construction,<\/span><\/li><li><span style=\"font-size: 16px;\">Des \u00e9quipements professionnels de nouvelle g\u00e9n\u00e9ration sans \u00e9quivalent dans le monde,<\/span><\/li><li><span style=\"font-size: 16px;\">Former votre personnel \u00e0 toutes les subtilit\u00e9s de la production d&#039;un produit de qualit\u00e9,<\/span><\/li><li><span style=\"font-size: 16px;\">Entreprise tr\u00e8s rentable,<\/span><\/li><li><span style=\"font-size: 16px;\">Garantir le succ\u00e8s de votre entreprise.<\/span><\/li><\/ul><p>Tous nos \u00e9quipements sont automatiques et ne n\u00e9cessitent pas beaucoup d&#039;op\u00e9rateurs.<br \/>Nous livrons nos machines de fabrication de barres d&#039;armature, de treillis et d&#039;\u00e9l\u00e9ments pli\u00e9s en PRFV d&#039;un poteau \u00e0 l&#039;autre !<\/p>\t\t\t\t\t\t\t\t<\/div>\n\t\t\t\t<\/div>\n\t\t\t\t<\/div>\n\t\t\t\t<div class=\"elementor-element elementor-element-5a2802bb elementor-widget elementor-widget-button\" data-id=\"5a2802bb\" data-element_type=\"widget\" data-widget_type=\"button.default\">\n\t\t\t\t<div class=\"elementor-widget-container\">\n\t\t\t\t\t\t\t\t\t<div class=\"elementor-button-wrapper\">\n\t\t\t\t\t<a class=\"elementor-button elementor-button-link elementor-size-lg\" href=\"\/fr\/contacts\/\">\n\t\t\t\t\t\t<span class=\"elementor-button-content-wrapper\">\n\t\t\t\t\t\t<span class=\"elementor-button-icon\">\n\t\t\t\t<svg aria-hidden=\"true\" class=\"e-font-icon-svg e-fas-long-arrow-alt-right\" viewbox=\"0 0 448 512\" xmlns=\"http:\/\/www.w3.org\/2000\/svg\"><path d=\"M313.941 216H12c-6.627 0-12 5.373-12 12v56c0 6.627 5.373 12 12 12h301.941v46.059c0 21.382 25.851 32.09 40.971 16.971l86.059-86.059c9.373-9.373 9.373-24.569 0-33.941l-86.059-86.059c-15.119-15.119-40.971-4.411-40.971 16.971V216z\"><\/path><\/svg>\t\t\t<\/span>\n\t\t\t\t\t\t\t\t\t<span class=\"elementor-button-text\">Parlez-nous!<\/span>\n\t\t\t\t\t<\/span>\n\t\t\t\t\t<\/a>\n\t\t\t\t<\/div>\n\t\t\t\t\t\t\t\t<\/div>\n\t\t\t\t<\/div>\n\t\t\t\t\t<\/div>\n\t\t<\/div>\n\t\t\t\t<div class=\"elementor-column elementor-col-50 elementor-top-column elementor-element elementor-element-28249b63\" data-id=\"28249b63\" data-element_type=\"column\" data-settings=\"{&quot;background_background&quot;:&quot;classic&quot;}\">\n\t\t\t<div class=\"elementor-widget-wrap elementor-element-populated\">\n\t\t\t\t\t<div class=\"elementor-background-overlay\"><\/div>\n\t\t\t\t<div class=\"elementor-element elementor-element-8dc5542 e-con-full e-flex e-con e-parent\" data-id=\"8dc5542\" data-element_type=\"container\" data-settings=\"{&quot;background_background&quot;:&quot;classic&quot;}\">\n\t\t\t\t<div class=\"elementor-element elementor-element-291e12f elementor-widget elementor-widget-video\" data-id=\"291e12f\" data-element_type=\"widget\" data-settings=\"{&quot;youtube_url&quot;:&quot;https:\\\/\\\/youtu.be\\\/0YTGes5Xhxw?si=LmX4x3K1z-3N_9mW&quot;,&quot;video_type&quot;:&quot;youtube&quot;,&quot;controls&quot;:&quot;yes&quot;}\" data-widget_type=\"video.default\">\n\t\t\t\t<div class=\"elementor-widget-container\">\n\t\t\t\t\t\t\t<div class=\"elementor-wrapper elementor-open-inline\">\n\t\t\t<div class=\"elementor-video\"><\/div>\t\t<\/div>\n\t\t\t\t\t\t<\/div>\n\t\t\t\t<\/div>\n\t\t\t\t<\/div>\n\t\t\t\t\t<\/div>\n\t\t<\/div>\n\t\t\t\t\t<\/div>\n\t\t<\/section>\n\t\t<div class=\"elementor-element elementor-element-7bc34470 e-con-full e-flex e-con e-parent\" data-id=\"7bc34470\" data-element_type=\"container\" data-settings=\"{&quot;background_background&quot;:&quot;video&quot;,&quot;background_video_link&quot;:&quot;https:\\\/\\\/youtu.be\\\/FhJtfUCkCVY?si=D4YUayio1ts-G0a0&quot;,&quot;background_play_on_mobile&quot;:&quot;yes&quot;,&quot;background_video_start&quot;:20,&quot;background_video_end&quot;:100}\">\n\t\t<div class=\"elementor-background-video-container\" aria-hidden=\"true\">\n\t\t\t\t\t\t\t<div class=\"elementor-background-video-embed\"><\/div>\n\t\t\t\t\t\t<\/div><div class=\"elementor-element elementor-element-39df9c89 e-flex e-con-boxed e-con e-child\" data-id=\"39df9c89\" data-element_type=\"container\" data-settings=\"{&quot;background_background&quot;:&quot;classic&quot;}\">\n\t\t\t\t\t<div class=\"e-con-inner\">\n\t\t<div class=\"elementor-element elementor-element-2ba7c193 e-flex e-con-boxed e-con e-child\" data-id=\"2ba7c193\" data-element_type=\"container\">\n\t\t\t\t\t<div class=\"e-con-inner\">\n\t\t<div class=\"elementor-element elementor-element-5fda9c8d e-flex e-con-boxed e-con e-child\" data-id=\"5fda9c8d\" data-element_type=\"container\" data-settings=\"{&quot;background_background&quot;:&quot;classic&quot;}\">\n\t\t\t\t\t<div class=\"e-con-inner\">\n\t\t\t\t<div class=\"elementor-element elementor-element-dd9bee4 elementor-widget elementor-widget-heading\" data-id=\"dd9bee4\" data-element_type=\"widget\" data-widget_type=\"heading.default\">\n\t\t\t\t<div class=\"elementor-widget-container\">\n\t\t\t\t\t<h2 class=\"elementor-heading-title elementor-size-default\">Production cl\u00e9 en main de barres d'armature en PRV\u00a0en France!<\/h2>\t\t\t\t<\/div>\n\t\t\t\t<\/div>\n\t\t\t\t<div class=\"elementor-element elementor-element-4a9fc969 elementor-widget elementor-widget-text-editor\" data-id=\"4a9fc969\" data-element_type=\"widget\" data-widget_type=\"text-editor.default\">\n\t\t\t\t<div class=\"elementor-widget-container\">\n\t\t\t\t\t\t\t\t\t<p>En faisant correspondre le prix de vente de vos barres d&#039;armature en GFRP \u00e0 celui des barres d&#039;armature en acier, vous obtenez une marge b\u00e9n\u00e9ficiaire de plus de 1\u00a0201 TP3T\u00a0!<\/p><p>Obtenez votre ligne de production en seulement 2 mois apr\u00e8s avoir pass\u00e9 une commande et rentabilisez votre investissement en seulement 3 mois apr\u00e8s le lancement de la production.<\/p>\t\t\t\t\t\t\t\t<\/div>\n\t\t\t\t<\/div>\n\t\t\t\t\t<\/div>\n\t\t\t\t<\/div>\n\t\t<div class=\"elementor-element elementor-element-58481e7b e-flex e-con-boxed e-con e-child\" data-id=\"58481e7b\" data-element_type=\"container\">\n\t\t\t\t\t<div class=\"e-con-inner\">\n\t\t<div class=\"elementor-element elementor-element-226c7ab9 e-flex e-con-boxed e-con e-child\" data-id=\"226c7ab9\" data-element_type=\"container\">\n\t\t\t\t\t<div class=\"e-con-inner\">\n\t\t\t\t<div class=\"elementor-element elementor-element-3c8c5932 elementor-align-center elementor-mobile-align-center elementor-widget elementor-widget-button\" data-id=\"3c8c5932\" data-element_type=\"widget\" data-widget_type=\"button.default\">\n\t\t\t\t<div class=\"elementor-widget-container\">\n\t\t\t\t\t\t\t\t\t<div class=\"elementor-button-wrapper\">\n\t\t\t\t\t<a class=\"elementor-button elementor-button-link elementor-size-lg\" href=\"\/fr\/contacts\/\">\n\t\t\t\t\t\t<span class=\"elementor-button-content-wrapper\">\n\t\t\t\t\t\t<span class=\"elementor-button-icon\">\n\t\t\t\t<svg aria-hidden=\"true\" class=\"e-font-icon-svg e-fas-long-arrow-alt-right\" viewbox=\"0 0 448 512\" xmlns=\"http:\/\/www.w3.org\/2000\/svg\"><path d=\"M313.941 216H12c-6.627 0-12 5.373-12 12v56c0 6.627 5.373 12 12 12h301.941v46.059c0 21.382 25.851 32.09 40.971 16.971l86.059-86.059c9.373-9.373 9.373-24.569 0-33.941l-86.059-86.059c-15.119-15.119-40.971-4.411-40.971 16.971V216z\"><\/path><\/svg>\t\t\t<\/span>\n\t\t\t\t\t\t\t\t\t<span class=\"elementor-button-text\">Parle-nous!<\/span>\n\t\t\t\t\t<\/span>\n\t\t\t\t\t<\/a>\n\t\t\t\t<\/div>\n\t\t\t\t\t\t\t\t<\/div>\n\t\t\t\t<\/div>\n\t\t\t\t\t<\/div>\n\t\t\t\t<\/div>\n\t\t\t\t\t<\/div>\n\t\t\t\t<\/div>\n\t\t\t\t\t<\/div>\n\t\t\t\t<\/div>\n\t\t\t\t\t<\/div>\n\t\t\t\t<\/div>\n\t\t\t\t<\/div>\n\t\t<div class=\"elementor-element elementor-element-8d899ed e-flex e-con-boxed e-con e-parent\" data-id=\"8d899ed\" data-element_type=\"container\">\n\t\t\t\t\t<div class=\"e-con-inner\">\n\t\t\t\t<div class=\"elementor-element elementor-element-b37316d elementor-widget elementor-widget-text-editor\" data-id=\"b37316d\" data-element_type=\"widget\" data-widget_type=\"text-editor.default\">\n\t\t\t\t<div class=\"elementor-widget-container\">\n\t\t\t\t\t\t\t\t\t<p><em><b>Apprendre encore plus:\u00a0<a href=\"https:\/\/composite-tech.com\/fr\/faq-gfrp-comosite-equipment\/\">FAQ sur les \u00e9quipements Composite-Tech et la technologie GFRP<\/a><\/b><\/em><\/p>\t\t\t\t\t\t\t\t<\/div>\n\t\t\t\t<\/div>\n\t\t\t\t\t<\/div>\n\t\t\t\t<\/div>\n\t\t\t\t<\/div>","protected":false},"excerpt":{"rendered":"<p>About Us Composite-Tech Company is the best manufacturer of equipment for GFRP rebar, fibreglass mesh, flexible couplings, and bent frame elements, with a proven track [&hellip;]<\/p>","protected":false},"author":1,"featured_media":0,"parent":0,"menu_order":0,"comment_status":"closed","ping_status":"closed","template":"","meta":{"site-sidebar-layout":"default","site-content-layout":"page-builder","ast-site-content-layout":"full-width-container","site-content-style":"unboxed","site-sidebar-style":"unboxed","ast-global-header-display":"","ast-banner-title-visibility":"","ast-main-header-display":"","ast-hfb-above-header-display":"","ast-hfb-below-header-display":"","ast-hfb-mobile-header-display":"","site-post-title":"disabled","ast-breadcrumbs-content":"","ast-featured-img":"disabled","footer-sml-layout":"","theme-transparent-header-meta":"enabled","adv-header-id-meta":"","stick-header-meta":"","header-above-stick-meta":"","header-main-stick-meta":"","header-below-stick-meta":"","astra-migrate-meta-layouts":"set","ast-page-background-enabled":"default","ast-page-background-meta":{"desktop":{"background-color":"","background-image":"","background-repeat":"repeat","background-position":"center center","background-size":"auto","background-attachment":"scroll","background-type":"","background-media":"","overlay-type":"","overlay-color":"","overlay-opacity":"","overlay-gradient":""},"tablet":{"background-color":"","background-image":"","background-repeat":"repeat","background-position":"center center","background-size":"auto","background-attachment":"scroll","background-type":"","background-media":"","overlay-type":"","overlay-color":"","overlay-opacity":"","overlay-gradient":""},"mobile":{"background-color":"","background-image":"","background-repeat":"repeat","background-position":"center center","background-size":"auto","background-attachment":"scroll","background-type":"","background-media":"","overlay-type":"","overlay-color":"","overlay-opacity":"","overlay-gradient":""}},"ast-content-background-meta":{"desktop":{"background-color":"var(--ast-global-color-5)","background-image":"","background-repeat":"repeat","background-position":"center center","background-size":"auto","background-attachment":"scroll","background-type":"","background-media":"","overlay-type":"","overlay-color":"","overlay-opacity":"","overlay-gradient":""},"tablet":{"background-color":"var(--ast-global-color-5)","background-image":"","background-repeat":"repeat","background-position":"center center","background-size":"auto","background-attachment":"scroll","background-type":"","background-media":"","overlay-type":"","overlay-color":"","overlay-opacity":"","overlay-gradient":""},"mobile":{"background-color":"var(--ast-global-color-5)","background-image":"","background-repeat":"repeat","background-position":"center center","background-size":"auto","background-attachment":"scroll","background-type":"","background-media":"","overlay-type":"","overlay-color":"","overlay-opacity":"","overlay-gradient":""}},"footnotes":""},"class_list":["post-472","page","type-page","status-publish","hentry"],"_links":{"self":[{"href":"https:\/\/composite-tech.com\/fr\/wp-json\/wp\/v2\/pages\/472","targetHints":{"allow":["GET"]}}],"collection":[{"href":"https:\/\/composite-tech.com\/fr\/wp-json\/wp\/v2\/pages"}],"about":[{"href":"https:\/\/composite-tech.com\/fr\/wp-json\/wp\/v2\/types\/page"}],"author":[{"embeddable":true,"href":"https:\/\/composite-tech.com\/fr\/wp-json\/wp\/v2\/users\/1"}],"replies":[{"embeddable":true,"href":"https:\/\/composite-tech.com\/fr\/wp-json\/wp\/v2\/comments?post=472"}],"version-history":[{"count":9,"href":"https:\/\/composite-tech.com\/fr\/wp-json\/wp\/v2\/pages\/472\/revisions"}],"predecessor-version":[{"id":12434,"href":"https:\/\/composite-tech.com\/fr\/wp-json\/wp\/v2\/pages\/472\/revisions\/12434"}],"wp:attachment":[{"href":"https:\/\/composite-tech.com\/fr\/wp-json\/wp\/v2\/media?parent=472"}],"curies":[{"name":"wp","href":"https:\/\/api.w.org\/{rel}","templated":true}]}}